{"id":5578,"date":"2024-04-15T07:32:27","date_gmt":"2024-04-15T07:32:27","guid":{"rendered":"https:\/\/www.asvitae.com\/blog\/"},"modified":"2026-03-02T11:14:17","modified_gmt":"2026-03-02T11:14:17","slug":"blog","status":"publish","type":"page","link":"https:\/\/www.asvitae.com\/fr\/blog\/","title":{"rendered":"Blog"},"content":{"rendered":"<p>[et_pb_section fb_built=\u00a0\u00bb1&Prime; admin_label=\u00a0\u00bbHero\u00a0\u00bb _builder_version=\u00a0\u00bb4.24.3&Prime; use_background_color_gradient=\u00a0\u00bbon\u00a0\u00bb background_color_gradient_type=\u00a0\u00bbcircular\u00a0\u00bb background_color_gradient_direction_radial=\u00a0\u00bbtop left\u00a0\u00bb background_color_gradient_stops=\u00a0\u00bbrgba(40,40,40,0.79) 0%|rgba(40,40,40,0.86) 100%\u00a0\u00bb background_color_gradient_overlays_image=\u00a0\u00bbon\u00a0\u00bb background_color_gradient_start=\u00a0\u00bbrgba(40,40,40,0.79)\u00a0\u00bb background_color_gradient_end=\u00a0\u00bbrgba(40,40,40,0.86)\u00a0\u00bb background_image=\u00a0\u00bbhttps:\/\/www.asvitae.com\/wp-content\/uploads\/2024\/04\/tubeway05.jpg\u00a0\u00bb custom_margin=\u00a0\u00bb||||false\u00a0\u00bb custom_padding=\u00a0\u00bb6vw||6vw||true|false\u00a0\u00bb global_colors_info=\u00a0\u00bb{}\u00a0\u00bb][et_pb_row _builder_version=\u00a0\u00bb4.24.3&Prime; global_colors_info=\u00a0\u00bb{}\u00a0\u00bb][et_pb_column type=\u00a0\u00bb4_4&Prime; _builder_version=\u00a0\u00bb4.16&Prime; custom_padding=\u00a0\u00bb|||\u00a0\u00bb global_colors_info=\u00a0\u00bb{}\u00a0\u00bb custom_padding__hover=\u00a0\u00bb|||\u00a0\u00bb][et_pb_text _builder_version=\u00a0\u00bb4.24.3&Prime; text_font=\u00a0\u00bb||||||||\u00a0\u00bb header_font=\u00a0\u00bbRubik|700|||||||\u00a0\u00bb header_font_size=\u00a0\u00bb64px\u00a0\u00bb header_line_height=\u00a0\u00bb1.1em\u00a0\u00bb background_layout=\u00a0\u00bbdark\u00a0\u00bb max_width=\u00a0\u00bb800px\u00a0\u00bb custom_margin=\u00a0\u00bb||0px|\u00a0\u00bb custom_padding=\u00a0\u00bb|||16px\u00a0\u00bb text_font_size_tablet=\u00a0\u00bb14px\u00a0\u00bb text_font_size_last_edited=\u00a0\u00bboff|desktop\u00a0\u00bb header_font_size_tablet=\u00a0\u00bb44px\u00a0\u00bb header_font_size_phone=\u00a0\u00bb32px\u00a0\u00bb header_font_size_last_edited=\u00a0\u00bbon|phone\u00a0\u00bb border_color_all=\u00a0\u00bb#ffb400&Prime; border_width_left=\u00a0\u00bb10px\u00a0\u00bb global_colors_info=\u00a0\u00bb{}\u00a0\u00bb]<\/p>\n<h1>Blog<\/h1>\n<p>[\/et_pb_text][\/et_pb_column][\/et_pb_row][\/et_pb_section][et_pb_section fb_built=\u00a0\u00bb1&Prime; admin_label=\u00a0\u00bbBlog\u00a0\u00bb _builder_version=\u00a0\u00bb4.16&Prime; background_color=\u00a0\u00bb#f7f7f7&Prime; global_colors_info=\u00a0\u00bb{}\u00a0\u00bb][et_pb_row _builder_version=\u00a0\u00bb4.16&Prime; global_colors_info=\u00a0\u00bb{}\u00a0\u00bb][et_pb_column type=\u00a0\u00bb4_4&Prime; _builder_version=\u00a0\u00bb4.16&Prime; custom_padding=\u00a0\u00bb|||\u00a0\u00bb global_colors_info=\u00a0\u00bb{}\u00a0\u00bb custom_padding__hover=\u00a0\u00bb|||\u00a0\u00bb][et_pb_blog fullwidth=\u00a0\u00bboff\u00a0\u00bb posts_number=\u00a0\u00bb12&Prime; include_categories=\u00a0\u00bb65,74&Prime; show_author=\u00a0\u00bboff\u00a0\u00bb _builder_version=\u00a0\u00bb4.27.4&Prime; header_font=\u00a0\u00bbRubik|700|||||||\u00a0\u00bb header_line_height=\u00a0\u00bb1.4em\u00a0\u00bb body_font=\u00a0\u00bb||||||||\u00a0\u00bb body_line_height=\u00a0\u00bb1.8em\u00a0\u00bb meta_font=\u00a0\u00bbArimo||||||||\u00a0\u00bb meta_text_color=\u00a0\u00bbrgba(0,0,0,0.2)\u00a0\u00bb meta_line_height=\u00a0\u00bb1.8em\u00a0\u00bb pagination_font=\u00a0\u00bbRubik||||||||\u00a0\u00bb pagination_text_color=\u00a0\u00bb#ffb400&Prime; pagination_font_size=\u00a0\u00bb20px\u00a0\u00bb hover_enabled=\u00a0\u00bb0&Prime; border_width_all=\u00a0\u00bb0px\u00a0\u00bb locked=\u00a0\u00bboff\u00a0\u00bb global_colors_info=\u00a0\u00bb{}\u00a0\u00bb show_categories=\u00a0\u00bboff\u00a0\u00bb sticky_enabled=\u00a0\u00bb0&Prime;][\/et_pb_blog][\/et_pb_column][\/et_pb_row][\/et_pb_section]<\/p>\n","protected":false},"excerpt":{"rendered":"<p>Blog<\/p>\n","protected":false},"author":1,"featured_media":0,"parent":0,"menu_order":0,"comment_status":"closed","ping_status":"closed","template":"","meta":{"_acf_changed":false,"_et_pb_use_builder":"on","_et_pb_old_content":"","_et_gb_content_width":"","footnotes":""},"class_list":["post-5578","page","type-page","status-publish","hentry"],"acf":[],"yoast_head":"<!-- This site is optimized with the Yoast SEO plugin v27.2 - https:\/\/yoast.com\/product\/yoast-seo-wordpress\/ -->\n<title>Blog d\u2019\u00e9clairage LED - Asvitae<\/title>\n<meta name=\"description\" content=\"Actualit\u00e9s, tendances et conseils sur l\u2019efficacit\u00e9 \u00e9nerg\u00e9tique et la technologie LED actuelle.\" \/>\n<meta name=\"robots\" content=\"index, follow, max-snippet:-1, max-image-preview:large, max-video-preview:-1\" \/>\n<link rel=\"canonical\" href=\"https:\/\/www.asvitae.com\/fr\/blog\/\" \/>\n<meta property=\"og:locale\" content=\"fr_FR\" \/>\n<meta property=\"og:type\" content=\"article\" \/>\n<meta property=\"og:title\" content=\"Blog d\u2019\u00e9clairage LED - Asvitae\" \/>\n<meta property=\"og:description\" content=\"Actualit\u00e9s, tendances et conseils sur l\u2019efficacit\u00e9 \u00e9nerg\u00e9tique et la technologie LED actuelle.\" \/>\n<meta property=\"og:url\" content=\"https:\/\/www.asvitae.com\/fr\/blog\/\" \/>\n<meta property=\"og:site_name\" content=\"Asvitae\" \/>\n<meta property=\"article:modified_time\" content=\"2026-03-02T11:14:17+00:00\" \/>\n<meta name=\"twitter:card\" content=\"summary_large_image\" \/>\n<meta name=\"twitter:label1\" content=\"Dur\u00e9e de lecture estim\u00e9e\" \/>\n\t<meta name=\"twitter:data1\" content=\"1 minute\" \/>\n<script type=\"application\/ld+json\" class=\"yoast-schema-graph\">{\"@context\":\"https:\/\/schema.org\",\"@graph\":[{\"@type\":\"WebPage\",\"@id\":\"https:\/\/www.asvitae.com\/fr\/blog\/\",\"url\":\"https:\/\/www.asvitae.com\/fr\/blog\/\",\"name\":\"Blog d\u2019\u00e9clairage LED - Asvitae\",\"isPartOf\":{\"@id\":\"https:\/\/www.asvitae.com\/fr\/#website\"},\"datePublished\":\"2024-04-15T07:32:27+00:00\",\"dateModified\":\"2026-03-02T11:14:17+00:00\",\"description\":\"Actualit\u00e9s, tendances et conseils sur l\u2019efficacit\u00e9 \u00e9nerg\u00e9tique et la technologie LED actuelle.\",\"breadcrumb\":{\"@id\":\"https:\/\/www.asvitae.com\/fr\/blog\/#breadcrumb\"},\"inLanguage\":\"fr-FR\",\"potentialAction\":[{\"@type\":\"ReadAction\",\"target\":[\"https:\/\/www.asvitae.com\/fr\/blog\/\"]}]},{\"@type\":\"BreadcrumbList\",\"@id\":\"https:\/\/www.asvitae.com\/fr\/blog\/#breadcrumb\",\"itemListElement\":[{\"@type\":\"ListItem\",\"position\":1,\"name\":\"Portada\",\"item\":\"https:\/\/www.asvitae.com\/fr\/home\/\"},{\"@type\":\"ListItem\",\"position\":2,\"name\":\"Blog\"}]},{\"@type\":\"WebSite\",\"@id\":\"https:\/\/www.asvitae.com\/fr\/#website\",\"url\":\"https:\/\/www.asvitae.com\/fr\/\",\"name\":\"Asvitae\",\"description\":\"Fabricantes de iluminaci\u00f3n LED\",\"potentialAction\":[{\"@type\":\"SearchAction\",\"target\":{\"@type\":\"EntryPoint\",\"urlTemplate\":\"https:\/\/www.asvitae.com\/fr\/?s={search_term_string}\"},\"query-input\":{\"@type\":\"PropertyValueSpecification\",\"valueRequired\":true,\"valueName\":\"search_term_string\"}}],\"inLanguage\":\"fr-FR\"}]}<\/script>\n<!-- \/ Yoast SEO plugin. -->","yoast_head_json":{"title":"Blog d\u2019\u00e9clairage LED - Asvitae","description":"Actualit\u00e9s, tendances et conseils sur l\u2019efficacit\u00e9 \u00e9nerg\u00e9tique et la technologie LED actuelle.","robots":{"index":"index","follow":"follow","max-snippet":"max-snippet:-1","max-image-preview":"max-image-preview:large","max-video-preview":"max-video-preview:-1"},"canonical":"https:\/\/www.asvitae.com\/fr\/blog\/","og_locale":"fr_FR","og_type":"article","og_title":"Blog d\u2019\u00e9clairage LED - Asvitae","og_description":"Actualit\u00e9s, tendances et conseils sur l\u2019efficacit\u00e9 \u00e9nerg\u00e9tique et la technologie LED actuelle.","og_url":"https:\/\/www.asvitae.com\/fr\/blog\/","og_site_name":"Asvitae","article_modified_time":"2026-03-02T11:14:17+00:00","twitter_card":"summary_large_image","twitter_misc":{"Dur\u00e9e de lecture estim\u00e9e":"1 minute"},"schema":{"@context":"https:\/\/schema.org","@graph":[{"@type":"WebPage","@id":"https:\/\/www.asvitae.com\/fr\/blog\/","url":"https:\/\/www.asvitae.com\/fr\/blog\/","name":"Blog d\u2019\u00e9clairage LED - Asvitae","isPartOf":{"@id":"https:\/\/www.asvitae.com\/fr\/#website"},"datePublished":"2024-04-15T07:32:27+00:00","dateModified":"2026-03-02T11:14:17+00:00","description":"Actualit\u00e9s, tendances et conseils sur l\u2019efficacit\u00e9 \u00e9nerg\u00e9tique et la technologie LED actuelle.","breadcrumb":{"@id":"https:\/\/www.asvitae.com\/fr\/blog\/#breadcrumb"},"inLanguage":"fr-FR","potentialAction":[{"@type":"ReadAction","target":["https:\/\/www.asvitae.com\/fr\/blog\/"]}]},{"@type":"BreadcrumbList","@id":"https:\/\/www.asvitae.com\/fr\/blog\/#breadcrumb","itemListElement":[{"@type":"ListItem","position":1,"name":"Portada","item":"https:\/\/www.asvitae.com\/fr\/home\/"},{"@type":"ListItem","position":2,"name":"Blog"}]},{"@type":"WebSite","@id":"https:\/\/www.asvitae.com\/fr\/#website","url":"https:\/\/www.asvitae.com\/fr\/","name":"Asvitae","description":"Fabricantes de iluminaci\u00f3n LED","potentialAction":[{"@type":"SearchAction","target":{"@type":"EntryPoint","urlTemplate":"https:\/\/www.asvitae.com\/fr\/?s={search_term_string}"},"query-input":{"@type":"PropertyValueSpecification","valueRequired":true,"valueName":"search_term_string"}}],"inLanguage":"fr-FR"}]}},"_links":{"self":[{"href":"https:\/\/www.asvitae.com\/fr\/wp-json\/wp\/v2\/pages\/5578","targetHints":{"allow":["GET"]}}],"collection":[{"href":"https:\/\/www.asvitae.com\/fr\/wp-json\/wp\/v2\/pages"}],"about":[{"href":"https:\/\/www.asvitae.com\/fr\/wp-json\/wp\/v2\/types\/page"}],"author":[{"embeddable":true,"href":"https:\/\/www.asvitae.com\/fr\/wp-json\/wp\/v2\/users\/1"}],"replies":[{"embeddable":true,"href":"https:\/\/www.asvitae.com\/fr\/wp-json\/wp\/v2\/comments?post=5578"}],"version-history":[{"count":1,"href":"https:\/\/www.asvitae.com\/fr\/wp-json\/wp\/v2\/pages\/5578\/revisions"}],"predecessor-version":[{"id":5579,"href":"https:\/\/www.asvitae.com\/fr\/wp-json\/wp\/v2\/pages\/5578\/revisions\/5579"}],"wp:attachment":[{"href":"https:\/\/www.asvitae.com\/fr\/wp-json\/wp\/v2\/media?parent=5578"}],"curies":[{"name":"wp","href":"https:\/\/api.w.org\/{rel}","templated":true}]}}