{"id":4528,"date":"2024-07-10T16:43:49","date_gmt":"2024-07-10T16:43:49","guid":{"rendered":"https:\/\/www.asvitae.com\/emploi\/"},"modified":"2026-02-17T09:01:07","modified_gmt":"2026-02-17T09:01:07","slug":"emploi","status":"publish","type":"page","link":"https:\/\/www.asvitae.com\/fr\/emploi\/","title":{"rendered":"Emploi"},"content":{"rendered":"<p>[et_pb_section fb_built=\u00a0\u00bb1&Prime; _builder_version=\u00a0\u00bb4.25.2&Prime; _module_preset=\u00a0\u00bbdefault\u00a0\u00bb use_background_color_gradient=\u00a0\u00bbon\u00a0\u00bb background_color_gradient_stops=\u00a0\u00bbrgba(33,2,0,0.74) 0%|rgba(17,3,3,0.49) 100%\u00a0\u00bb background_color_gradient_overlays_image=\u00a0\u00bbon\u00a0\u00bb background_image=\u00a0\u00bbhttps:\/\/www.asvitae.com\/wp-content\/uploads\/2024\/03\/slider_modelo_ejemplo.jpg\u00a0\u00bb global_colors_info=\u00a0\u00bb{}\u00a0\u00bb][et_pb_row _builder_version=\u00a0\u00bb4.25.2&Prime; _module_preset=\u00a0\u00bbdefault\u00a0\u00bb width=\u00a0\u00bb89%\u00a0\u00bb max_width=\u00a0\u00bb2002px\u00a0\u00bb global_colors_info=\u00a0\u00bb{}\u00a0\u00bb][et_pb_column type=\u00a0\u00bb4_4&Prime; _builder_version=\u00a0\u00bb4.25.2&Prime; _module_preset=\u00a0\u00bbdefault\u00a0\u00bb global_colors_info=\u00a0\u00bb{}\u00a0\u00bb][et_pb_text _builder_version=\u00a0\u00bb4.24.2&Prime; text_font=\u00a0\u00bb||||||||\u00a0\u00bb header_font=\u00a0\u00bbRubik|700|||||||\u00a0\u00bb header_font_size=\u00a0\u00bb64px\u00a0\u00bb header_line_height=\u00a0\u00bb1.1em\u00a0\u00bb background_layout=\u00a0\u00bbdark\u00a0\u00bb max_width=\u00a0\u00bb800px\u00a0\u00bb custom_margin=\u00a0\u00bb||0px|\u00a0\u00bb custom_padding=\u00a0\u00bb|||16px\u00a0\u00bb text_font_size_tablet=\u00a0\u00bb14px\u00a0\u00bb text_font_size_last_edited=\u00a0\u00bboff|desktop\u00a0\u00bb header_font_size_tablet=\u00a0\u00bb44px\u00a0\u00bb header_font_size_phone=\u00a0\u00bb32px\u00a0\u00bb header_font_size_last_edited=\u00a0\u00bbon|phone\u00a0\u00bb border_color_all=\u00a0\u00bb#ffb400&Prime; border_width_left=\u00a0\u00bb10px\u00a0\u00bb global_colors_info=\u00a0\u00bb{}\u00a0\u00bb]<\/p>\n<h1>Emploi<\/h1>\n<p>[\/et_pb_text][et_pb_text _builder_version=\u00a0\u00bb4.24.2&Prime; text_font=\u00a0\u00bb||||||||\u00a0\u00bb text_font_size=\u00a0\u00bb22px\u00a0\u00bb text_line_height=\u00a0\u00bb1.6em\u00a0\u00bb header_font=\u00a0\u00bb||||||||\u00a0\u00bb background_layout=\u00a0\u00bbdark\u00a0\u00bb max_width=\u00a0\u00bb800px\u00a0\u00bb custom_margin=\u00a0\u00bb|||\u00a0\u00bb custom_padding=\u00a0\u00bb20px||20px||true\u00a0\u00bb text_font_size_tablet=\u00a0\u00bb18px\u00a0\u00bb text_font_size_phone=\u00a0\u00bb\u00a0\u00bb text_font_size_last_edited=\u00a0\u00bbon|phone\u00a0\u00bb global_colors_info=\u00a0\u00bb{}\u00a0\u00bb]<\/p>\n<p>Contactez notre service Ressources Humaines<\/p>\n<p>[\/et_pb_text][\/et_pb_column][\/et_pb_row][\/et_pb_section][et_pb_section fb_built=\u00a0\u00bb1&Prime; admin_label=\u00a0\u00bbFAQ\u00a0\u00bb _builder_version=\u00a0\u00bb4.16&Prime; background_color=\u00a0\u00bb#f7f7f7&Prime; global_colors_info=\u00a0\u00bb{}\u00a0\u00bb][et_pb_row _builder_version=\u00a0\u00bb4.16&Prime; global_colors_info=\u00a0\u00bb{}\u00a0\u00bb][et_pb_column type=\u00a0\u00bb4_4&Prime; _builder_version=\u00a0\u00bb4.16&Prime; custom_padding=\u00a0\u00bb|||\u00a0\u00bb global_colors_info=\u00a0\u00bb{}\u00a0\u00bb custom_padding__hover=\u00a0\u00bb|||\u00a0\u00bb][et_pb_text _builder_version=\u00a0\u00bb4.24.3&Prime; text_font=\u00a0\u00bb||||||||\u00a0\u00bb header_font=\u00a0\u00bb||||||||\u00a0\u00bb header_2_font=\u00a0\u00bbRubik|700|||||||\u00a0\u00bb header_2_font_size=\u00a0\u00bb42px\u00a0\u00bb header_2_line_height=\u00a0\u00bb1.2em\u00a0\u00bb custom_margin=\u00a0\u00bb|||\u00a0\u00bb custom_padding=\u00a0\u00bb|||\u00a0\u00bb header_2_font_size_tablet=\u00a0\u00bb\u00a0\u00bb header_2_font_size_phone=\u00a0\u00bb36px\u00a0\u00bb header_2_font_size_last_edited=\u00a0\u00bbon|phone\u00a0\u00bb locked=\u00a0\u00bboff\u00a0\u00bb global_colors_info=\u00a0\u00bb{}\u00a0\u00bb]<\/p>\n<h2>Formulaire de candidature<\/h2>\n<p>[\/et_pb_text][et_pb_divider color=\u00a0\u00bb#ffb400&Prime; divider_position=\u00a0\u00bbcenter\u00a0\u00bb divider_weight=\u00a0\u00bb5px\u00a0\u00bb _builder_version=\u00a0\u00bb4.16&Prime; max_width=\u00a0\u00bb50px\u00a0\u00bb locked=\u00a0\u00bboff\u00a0\u00bb global_colors_info=\u00a0\u00bb{}\u00a0\u00bb][\/et_pb_divider][dvppl_cf7_styler _builder_version=\u00a0\u00bb4.27.4&Prime; _module_preset=\u00a0\u00bbdefault\u00a0\u00bb cf7=\u00a0\u00bb1948&Prime; hover_enabled=\u00a0\u00bb0&Prime; sticky_enabled=\u00a0\u00bb0&Prime;][\/dvppl_cf7_styler][\/et_pb_column][\/et_pb_row][\/et_pb_section][et_pb_section fb_built=\u00a0\u00bb1&Prime; fullwidth=\u00a0\u00bbon\u00a0\u00bb _builder_version=\u00a0\u00bb4.24.2&Prime; _module_preset=\u00a0\u00bbdefault\u00a0\u00bb global_colors_info=\u00a0\u00bb{}\u00a0\u00bb][et_pb_fullwidth_code _builder_version=\u00a0\u00bb4.24.2&Prime; _module_preset=\u00a0\u00bbdefault\u00a0\u00bb global_colors_info=\u00a0\u00bb{}\u00a0\u00bb]<iframe src=\"https:\/\/www.google.com\/maps\/embed?pb=!1m18!1m12!1m3!1d3079.7679747010725!2d-0.457708487211124!3d39.474570171488175!2m3!1f0!2f0!3f0!3m2!1i1024!2i768!4f13.1!3m3!1m2!1s0xd60511f4130f047%3A0xb936932e875b60b6!2sAsvitae%20I%20Fabricantes%20de%20iluminaci%C3%B3n%20LED!5e0!3m2!1ses!2ses!4v1711456874738!5m2!1ses!2ses\" width=\"100%\" height=\"400\" style=\"border:0;\" allowfullscreen=\"\" loading=\"lazy\" referrerpolicy=\"no-referrer-when-downgrade\"><\/iframe>[\/et_pb_fullwidth_code][\/et_pb_section]<\/p>\n","protected":false},"excerpt":{"rendered":"<p>EmploiContactez notre service Ressources HumainesFormulaire de candidature<div class=\"et_pb_module dvppl_cf7_styler dvppl_cf7_styler_0\">\n\t\t\t\t\n\t\t\t\t\n\t\t\t\t\n\t\t\t\t\n\t\t\t\t\n\t\t\t\t\n\t\t\t\t<div class=\"et_pb_module_inner\">\n\t\t\t\t\t<div class=\"dipe-cf7-container dipe-cf7-button-left\">\n\t\t\t\t\n\t\t\t\t<div class=\"dipe-cf7 dipe-cf7-styler \">\n\t\t\t\t\t\n<div class=\"wpcf7 no-js\" id=\"wpcf7-f1948-o1\" lang=\"es-ES\" dir=\"ltr\" data-wpcf7-id=\"1948\">\n<div class=\"screen-reader-response\"><p role=\"status\" aria-live=\"polite\" aria-atomic=\"true\"><\/p> <ul><\/ul><\/div>\n<form action=\"\/fr\/wp-json\/wp\/v2\/pages\/4528#wpcf7-f1948-o1\" method=\"post\" class=\"wpcf7-form init\" aria-label=\"Formulario de contacto\" enctype=\"multipart\/form-data\" novalidate=\"novalidate\" data-status=\"init\">\n<fieldset class=\"hidden-fields-container\"><input type=\"hidden\" name=\"_wpcf7\" value=\"1948\" \/><input type=\"hidden\" name=\"_wpcf7_version\" value=\"6.1.5\" \/><input type=\"hidden\" name=\"_wpcf7_locale\" value=\"es_ES\" \/><input type=\"hidden\" name=\"_wpcf7_unit_tag\" value=\"wpcf7-f1948-o1\" \/><input type=\"hidden\" name=\"_wpcf7_container_post\" value=\"0\" \/><input type=\"hidden\" name=\"_wpcf7_posted_data_hash\" value=\"\" \/><input type=\"hidden\" name=\"_wpcf7_recaptcha_response\" value=\"\" \/>\n<\/fieldset>\n<label>Nombre (Obligatorio)<\/label>\n<span class=\"wpcf7-form-control-wrap\" data-name=\"your-name\"><input size=\"40\" maxlength=\"400\" class=\"wpcf7-form-control wpcf7-text wpcf7-validates-as-required\" aria-required=\"true\" aria-invalid=\"false\" value=\"\" type=\"text\" name=\"your-name\" \/><\/span>\n\n<label>Email (Obligatorio)<\/label>\n<span class=\"wpcf7-form-control-wrap\" data-name=\"your-email\"><input size=\"40\" maxlength=\"400\" class=\"wpcf7-form-control wpcf7-email wpcf7-validates-as-required wpcf7-text wpcf7-validates-as-email\" aria-required=\"true\" aria-invalid=\"false\" value=\"\" type=\"email\" name=\"your-email\" \/><\/span> <\/p>\n\n<label>Tel\u00e9fono (Obligatorio)<\/label>\n<span class=\"wpcf7-form-control-wrap\" data-name=\"tel-50\"><input size=\"40\" maxlength=\"400\" class=\"wpcf7-form-control wpcf7-tel wpcf7-validates-as-required wpcf7-text wpcf7-validates-as-tel\" aria-required=\"true\" aria-invalid=\"false\" value=\"\" type=\"tel\" name=\"tel-50\" \/><\/span><\/p>\n\n<label>Mensaje<\/label>\n<span class=\"wpcf7-form-control-wrap\" data-name=\"your-message\"><textarea cols=\"40\" rows=\"10\" maxlength=\"2000\" class=\"wpcf7-form-control wpcf7-textarea\" aria-invalid=\"false\" name=\"your-message\"><\/textarea><\/span> <\/p><br><br>\n\n<span class=\"wpcf7-form-control-wrap\" data-name=\"file-47\"><input size=\"40\" class=\"wpcf7-form-control wpcf7-file wpcf7-validates-as-required\" accept=\".pdf,.doc,.docx,audio\/*,video\/*,image\/*\" aria-required=\"true\" aria-invalid=\"false\" type=\"file\" name=\"file-47\" \/><\/span>\n<br>\n<br>\n\n<span class=\"wpcf7-form-control-wrap\" data-name=\"acceptance-715\"><span class=\"wpcf7-form-control wpcf7-acceptance\"><span class=\"wpcf7-list-item\"><label><input type=\"checkbox\" name=\"acceptance-715\" value=\"1\" aria-invalid=\"false\" \/><span class=\"wpcf7-list-item-label\">Consiento expresamente el uso de mis datos, incluyendo si procede datos sobre mi salud, para que sea atendida mi solicitud de empleo, seg\u00fan lo establecido en su <a href=\"https:\/\/www.asvitae.com\/politica-de-empleo\/\">Pol\u00edtica de Empleo<\/a><\/span><\/label><\/span><\/span><\/span>\n\n<span class=\"wpcf7-form-control-wrap\" data-name=\"acceptance-716\"><span class=\"wpcf7-form-control wpcf7-acceptance\"><span class=\"wpcf7-list-item\"><label><input type=\"checkbox\" name=\"acceptance-716\" value=\"1\" aria-invalid=\"false\" \/><span class=\"wpcf7-list-item-label\">Consiento recibir comunicaciones de su entidad, para informarme de futuros procesos de selecci\u00f3n o vacantes y autorizo a que su entidad pida y reciba referencias sobre mi trayectoria profesional a las empresas en las que he trabajado.<\/span><\/label><\/span><\/span><\/span>\n\n<br><\/br><br>\n<b>Informaci\u00f3n b\u00e1sica sobre protecci\u00f3n de datos:<\/b>\n\n<figure class=\"wp-block-table\"><table class=\"has-fixed-layout\"><tbody><tr><td>Responsable:<\/td><td>ASVITAE TECNOLOGIAS, S.L<\/td><\/tr><tr><td>Domicilio:<\/td><td>C\/ La Paz, 17, CP 46960 Aldaia (Valencia)<\/td><\/tr><tr><td>Finalidad:<\/td><td>Atender, registrar y contactarle para resolver la solicitud que nos realice mediante este formulario de contacto.<\/td><\/tr><tr><td>Legitimaci\u00f3n:<\/td><td>Sus datos ser\u00e1n tratados solo si lo autoriza mediante la marcaci\u00f3n de las casillas informativas mostradas en este formulario&nbsp;&nbsp;<\/td><\/tr><tr><td>Destinatarios:<\/td><td>S\u00f3lo el personal de nuestra entidad podr\u00e1 tratar los datos personales que nos remita<\/td><\/tr><tr><td>Derechos:<\/td><td>Tiene derecho a solicitarnos acceder a sus datos, corregirlos o eliminarlos, tambi\u00e9n puede solicitarnos limitar su tratamiento, oponerse a ello y a la portabilidad de sus datos,&nbsp; dirigi\u00e9ndose a nuestra direcci\u00f3n postal o a <a href=\"mailto:admin@asvitae.com\">admin@asvitae.com<\/a><\/td><\/tr><tr><td>M\u00e1s info:<\/td><td>Dispone de m\u00e1s informaci\u00f3n en nuestra <a href=\"https:\/\/www.asvitae.com\/politica-de-privacidad\/\">Pol\u00edtica de Privacidad<\/a><\/td><\/tr><\/tbody><\/table><\/figure>\n\n\n\n<br>\n<input type=\"submit\" value=\"ENVIAR\" style=\"font-family: 'Rubik', sans-serif; font-weight: bold; width: 200px; height: 50px; padding: 10px; background-color: #F1B44E; color: #ffffff; border: 4px solid #ffffff; border-radius: 0px; cursor: pointer;\"><div class=\"wpcf7-response-output\" aria-hidden=\"true\"><\/div>\n<\/form>\n<\/div>\n\n\t\t\t\t<\/div>\n\t\t\t<\/div>\n\t\t\t\t<\/div>\n\t\t\t<\/div><\/p>\n","protected":false},"author":1,"featured_media":0,"parent":0,"menu_order":0,"comment_status":"closed","ping_status":"closed","template":"","meta":{"_acf_changed":false,"_et_pb_use_builder":"on","_et_pb_old_content":"","_et_gb_content_width":"","footnotes":"","_links_to":"","_links_to_target":""},"class_list":["post-4528","page","type-page","status-publish","hentry"],"acf":[],"yoast_head":"<!-- This site is optimized with the Yoast SEO plugin v27.2 - https:\/\/yoast.com\/product\/yoast-seo-wordpress\/ -->\n<title>Emploi - Asvitae<\/title>\n<meta name=\"robots\" content=\"index, follow, max-snippet:-1, max-image-preview:large, max-video-preview:-1\" \/>\n<link rel=\"canonical\" href=\"https:\/\/www.asvitae.com\/fr\/emploi\/\" \/>\n<meta property=\"og:locale\" content=\"fr_FR\" \/>\n<meta property=\"og:type\" content=\"article\" \/>\n<meta property=\"og:title\" content=\"Emploi - Asvitae\" \/>\n<meta property=\"og:description\" content=\"EmploiContactez notre service Ressources HumainesFormulaire de candidature\" \/>\n<meta property=\"og:url\" content=\"https:\/\/www.asvitae.com\/fr\/emploi\/\" \/>\n<meta property=\"og:site_name\" content=\"Asvitae\" \/>\n<meta property=\"article:modified_time\" content=\"2026-02-17T09:01:07+00:00\" \/>\n<meta name=\"twitter:card\" content=\"summary_large_image\" \/>\n<meta name=\"twitter:label1\" content=\"Dur\u00e9e de lecture estim\u00e9e\" \/>\n\t<meta name=\"twitter:data1\" content=\"2 minutes\" \/>\n<script type=\"application\/ld+json\" class=\"yoast-schema-graph\">{\"@context\":\"https:\/\/schema.org\",\"@graph\":[{\"@type\":\"WebPage\",\"@id\":\"https:\/\/www.asvitae.com\/fr\/emploi\/\",\"url\":\"https:\/\/www.asvitae.com\/fr\/emploi\/\",\"name\":\"Emploi - Asvitae\",\"isPartOf\":{\"@id\":\"https:\/\/www.asvitae.com\/fr\/#website\"},\"datePublished\":\"2024-07-10T16:43:49+00:00\",\"dateModified\":\"2026-02-17T09:01:07+00:00\",\"breadcrumb\":{\"@id\":\"https:\/\/www.asvitae.com\/fr\/emploi\/#breadcrumb\"},\"inLanguage\":\"fr-FR\",\"potentialAction\":[{\"@type\":\"ReadAction\",\"target\":[\"https:\/\/www.asvitae.com\/fr\/emploi\/\"]}]},{\"@type\":\"BreadcrumbList\",\"@id\":\"https:\/\/www.asvitae.com\/fr\/emploi\/#breadcrumb\",\"itemListElement\":[{\"@type\":\"ListItem\",\"position\":1,\"name\":\"Portada\",\"item\":\"https:\/\/www.asvitae.com\/fr\/\"},{\"@type\":\"ListItem\",\"position\":2,\"name\":\"Emploi\"}]},{\"@type\":\"WebSite\",\"@id\":\"https:\/\/www.asvitae.com\/fr\/#website\",\"url\":\"https:\/\/www.asvitae.com\/fr\/\",\"name\":\"Asvitae\",\"description\":\"Fabricantes de iluminaci\u00f3n LED\",\"potentialAction\":[{\"@type\":\"SearchAction\",\"target\":{\"@type\":\"EntryPoint\",\"urlTemplate\":\"https:\/\/www.asvitae.com\/fr\/?s={search_term_string}\"},\"query-input\":{\"@type\":\"PropertyValueSpecification\",\"valueRequired\":true,\"valueName\":\"search_term_string\"}}],\"inLanguage\":\"fr-FR\"}]}<\/script>\n<!-- \/ Yoast SEO plugin. -->","yoast_head_json":{"title":"Emploi - Asvitae","robots":{"index":"index","follow":"follow","max-snippet":"max-snippet:-1","max-image-preview":"max-image-preview:large","max-video-preview":"max-video-preview:-1"},"canonical":"https:\/\/www.asvitae.com\/fr\/emploi\/","og_locale":"fr_FR","og_type":"article","og_title":"Emploi - Asvitae","og_description":"EmploiContactez notre service Ressources HumainesFormulaire de candidature","og_url":"https:\/\/www.asvitae.com\/fr\/emploi\/","og_site_name":"Asvitae","article_modified_time":"2026-02-17T09:01:07+00:00","twitter_card":"summary_large_image","twitter_misc":{"Dur\u00e9e de lecture estim\u00e9e":"2 minutes"},"schema":{"@context":"https:\/\/schema.org","@graph":[{"@type":"WebPage","@id":"https:\/\/www.asvitae.com\/fr\/emploi\/","url":"https:\/\/www.asvitae.com\/fr\/emploi\/","name":"Emploi - Asvitae","isPartOf":{"@id":"https:\/\/www.asvitae.com\/fr\/#website"},"datePublished":"2024-07-10T16:43:49+00:00","dateModified":"2026-02-17T09:01:07+00:00","breadcrumb":{"@id":"https:\/\/www.asvitae.com\/fr\/emploi\/#breadcrumb"},"inLanguage":"fr-FR","potentialAction":[{"@type":"ReadAction","target":["https:\/\/www.asvitae.com\/fr\/emploi\/"]}]},{"@type":"BreadcrumbList","@id":"https:\/\/www.asvitae.com\/fr\/emploi\/#breadcrumb","itemListElement":[{"@type":"ListItem","position":1,"name":"Portada","item":"https:\/\/www.asvitae.com\/fr\/"},{"@type":"ListItem","position":2,"name":"Emploi"}]},{"@type":"WebSite","@id":"https:\/\/www.asvitae.com\/fr\/#website","url":"https:\/\/www.asvitae.com\/fr\/","name":"Asvitae","description":"Fabricantes de iluminaci\u00f3n LED","potentialAction":[{"@type":"SearchAction","target":{"@type":"EntryPoint","urlTemplate":"https:\/\/www.asvitae.com\/fr\/?s={search_term_string}"},"query-input":{"@type":"PropertyValueSpecification","valueRequired":true,"valueName":"search_term_string"}}],"inLanguage":"fr-FR"}]}},"_links":{"self":[{"href":"https:\/\/www.asvitae.com\/fr\/wp-json\/wp\/v2\/pages\/4528","targetHints":{"allow":["GET"]}}],"collection":[{"href":"https:\/\/www.asvitae.com\/fr\/wp-json\/wp\/v2\/pages"}],"about":[{"href":"https:\/\/www.asvitae.com\/fr\/wp-json\/wp\/v2\/types\/page"}],"author":[{"embeddable":true,"href":"https:\/\/www.asvitae.com\/fr\/wp-json\/wp\/v2\/users\/1"}],"replies":[{"embeddable":true,"href":"https:\/\/www.asvitae.com\/fr\/wp-json\/wp\/v2\/comments?post=4528"}],"version-history":[{"count":5,"href":"https:\/\/www.asvitae.com\/fr\/wp-json\/wp\/v2\/pages\/4528\/revisions"}],"predecessor-version":[{"id":4533,"href":"https:\/\/www.asvitae.com\/fr\/wp-json\/wp\/v2\/pages\/4528\/revisions\/4533"}],"wp:attachment":[{"href":"https:\/\/www.asvitae.com\/fr\/wp-json\/wp\/v2\/media?parent=4528"}],"curies":[{"name":"wp","href":"https:\/\/api.w.org\/{rel}","templated":true}]}}