{"id":4491,"date":"2025-07-22T10:43:00","date_gmt":"2025-07-22T10:43:00","guid":{"rendered":"https:\/\/www.asvitae.com\/telegestion-et-controle\/"},"modified":"2026-02-16T12:29:13","modified_gmt":"2026-02-16T12:29:13","slug":"telegestion-et-controle","status":"publish","type":"page","link":"https:\/\/www.asvitae.com\/fr\/telegestion-et-controle\/","title":{"rendered":"T\u00e9l\u00e9gestion et Contr\u00f4le"},"content":{"rendered":"<p>[et_pb_section fb_built=\u00a0\u00bb1&Prime; _builder_version=\u00a0\u00bb4.24.2&Prime; _module_preset=\u00a0\u00bbdefault\u00a0\u00bb background_color=\u00a0\u00bb#f1b44e\u00a0\u00bb custom_padding=\u00a0\u00bb4px||6px|||\u00a0\u00bb global_colors_info=\u00a0\u00bb{}\u00a0\u00bb][et_pb_row _builder_version=\u00a0\u00bb4.24.2&Prime; _module_preset=\u00a0\u00bbdefault\u00a0\u00bb global_colors_info=\u00a0\u00bb{}\u00a0\u00bb][et_pb_column type=\u00a0\u00bb4_4&Prime; _builder_version=\u00a0\u00bb4.24.2&Prime; _module_preset=\u00a0\u00bbdefault\u00a0\u00bb global_colors_info=\u00a0\u00bb{}\u00a0\u00bb][et_pb_text _builder_version=\u00a0\u00bb4.24.2&Prime; _dynamic_attributes=\u00a0\u00bbcontent\u00a0\u00bb _module_preset=\u00a0\u00bbdefault\u00a0\u00bb text_font=\u00a0\u00bb|700|||||||\u00a0\u00bb text_text_color=\u00a0\u00bb#FFFFFF\u00a0\u00bb text_font_size=\u00a0\u00bb30px\u00a0\u00bb global_colors_info=\u00a0\u00bb{}\u00a0\u00bb]@ET-DC@eyJkeW5hbWljIjp0cnVlLCJjb250ZW50IjoicG9zdF90aXRsZSIsInNldHRpbmdzIjp7ImJlZm9yZSI6IiIsImFmdGVyIjoiIiwiZW5hYmxlX2h0bWwiOiJvZmYifX0=@[\/et_pb_text][\/et_pb_column][\/et_pb_row][\/et_pb_section][et_pb_section fb_built=\u00a0\u00bb1&Prime; _builder_version=\u00a0\u00bb4.24.2&Prime; _module_preset=\u00a0\u00bbdefault\u00a0\u00bb global_colors_info=\u00a0\u00bb{}\u00a0\u00bb][et_pb_row _builder_version=\u00a0\u00bb4.24.2&Prime; _module_preset=\u00a0\u00bbdefault\u00a0\u00bb global_colors_info=\u00a0\u00bb{}\u00a0\u00bb][et_pb_column type=\u00a0\u00bb4_4&Prime; _builder_version=\u00a0\u00bb4.24.2&Prime; _module_preset=\u00a0\u00bbdefault\u00a0\u00bb global_colors_info=\u00a0\u00bb{}\u00a0\u00bb][et_pb_filterable_portfolio fullwidth=\u00a0\u00bboff\u00a0\u00bb posts_number=\u00a0\u00bb200&Prime; include_categories=\u00a0\u00bb31&Prime; zoom_icon_color=\u00a0\u00bb#E09900&Prime; _builder_version=\u00a0\u00bb4.27.4&Prime; _module_preset=\u00a0\u00bbdefault\u00a0\u00bb hover_enabled=\u00a0\u00bb0&Prime; global_colors_info=\u00a0\u00bb{}\u00a0\u00bb sticky_enabled=\u00a0\u00bb0&Prime;][\/et_pb_filterable_portfolio][\/et_pb_column][\/et_pb_row][\/et_pb_section]<\/p>\n","protected":false},"excerpt":{"rendered":"","protected":false},"author":1,"featured_media":0,"parent":0,"menu_order":0,"comment_status":"closed","ping_status":"closed","template":"","meta":{"_acf_changed":false,"_et_pb_use_builder":"on","_et_pb_old_content":"","_et_gb_content_width":"","footnotes":""},"class_list":["post-4491","page","type-page","status-publish","hentry"],"acf":[],"yoast_head":"<!-- This site is optimized with the Yoast SEO plugin v27.2 - https:\/\/yoast.com\/product\/yoast-seo-wordpress\/ -->\n<title>T\u00e9l\u00e9gestion et Contr\u00f4le - Asvitae<\/title>\n<meta name=\"robots\" content=\"index, follow, max-snippet:-1, max-image-preview:large, max-video-preview:-1\" \/>\n<link rel=\"canonical\" href=\"https:\/\/www.asvitae.com\/fr\/telegestion-et-controle\/\" \/>\n<meta property=\"og:locale\" content=\"fr_FR\" \/>\n<meta property=\"og:type\" content=\"article\" \/>\n<meta property=\"og:title\" content=\"T\u00e9l\u00e9gestion et Contr\u00f4le - Asvitae\" \/>\n<meta property=\"og:url\" content=\"https:\/\/www.asvitae.com\/fr\/telegestion-et-controle\/\" \/>\n<meta property=\"og:site_name\" content=\"Asvitae\" \/>\n<meta property=\"article:modified_time\" content=\"2026-02-16T12:29:13+00:00\" \/>\n<meta name=\"twitter:card\" content=\"summary_large_image\" \/>\n<meta name=\"twitter:label1\" content=\"Dur\u00e9e de lecture estim\u00e9e\" \/>\n\t<meta name=\"twitter:data1\" content=\"1 minute\" \/>\n<script type=\"application\/ld+json\" class=\"yoast-schema-graph\">{\"@context\":\"https:\/\/schema.org\",\"@graph\":[{\"@type\":\"WebPage\",\"@id\":\"https:\/\/www.asvitae.com\/fr\/telegestion-et-controle\/\",\"url\":\"https:\/\/www.asvitae.com\/fr\/telegestion-et-controle\/\",\"name\":\"T\u00e9l\u00e9gestion et Contr\u00f4le - Asvitae\",\"isPartOf\":{\"@id\":\"https:\/\/www.asvitae.com\/fr\/#website\"},\"datePublished\":\"2025-07-22T10:43:00+00:00\",\"dateModified\":\"2026-02-16T12:29:13+00:00\",\"breadcrumb\":{\"@id\":\"https:\/\/www.asvitae.com\/fr\/telegestion-et-controle\/#breadcrumb\"},\"inLanguage\":\"fr-FR\",\"potentialAction\":[{\"@type\":\"ReadAction\",\"target\":[\"https:\/\/www.asvitae.com\/fr\/telegestion-et-controle\/\"]}]},{\"@type\":\"BreadcrumbList\",\"@id\":\"https:\/\/www.asvitae.com\/fr\/telegestion-et-controle\/#breadcrumb\",\"itemListElement\":[{\"@type\":\"ListItem\",\"position\":1,\"name\":\"Portada\",\"item\":\"https:\/\/www.asvitae.com\/fr\/home\/\"},{\"@type\":\"ListItem\",\"position\":2,\"name\":\"T\u00e9l\u00e9gestion et Contr\u00f4le\"}]},{\"@type\":\"WebSite\",\"@id\":\"https:\/\/www.asvitae.com\/fr\/#website\",\"url\":\"https:\/\/www.asvitae.com\/fr\/\",\"name\":\"Asvitae\",\"description\":\"Fabricantes de iluminaci\u00f3n LED\",\"potentialAction\":[{\"@type\":\"SearchAction\",\"target\":{\"@type\":\"EntryPoint\",\"urlTemplate\":\"https:\/\/www.asvitae.com\/fr\/?s={search_term_string}\"},\"query-input\":{\"@type\":\"PropertyValueSpecification\",\"valueRequired\":true,\"valueName\":\"search_term_string\"}}],\"inLanguage\":\"fr-FR\"}]}<\/script>\n<!-- \/ Yoast SEO plugin. -->","yoast_head_json":{"title":"T\u00e9l\u00e9gestion et Contr\u00f4le - Asvitae","robots":{"index":"index","follow":"follow","max-snippet":"max-snippet:-1","max-image-preview":"max-image-preview:large","max-video-preview":"max-video-preview:-1"},"canonical":"https:\/\/www.asvitae.com\/fr\/telegestion-et-controle\/","og_locale":"fr_FR","og_type":"article","og_title":"T\u00e9l\u00e9gestion et Contr\u00f4le - Asvitae","og_url":"https:\/\/www.asvitae.com\/fr\/telegestion-et-controle\/","og_site_name":"Asvitae","article_modified_time":"2026-02-16T12:29:13+00:00","twitter_card":"summary_large_image","twitter_misc":{"Dur\u00e9e de lecture estim\u00e9e":"1 minute"},"schema":{"@context":"https:\/\/schema.org","@graph":[{"@type":"WebPage","@id":"https:\/\/www.asvitae.com\/fr\/telegestion-et-controle\/","url":"https:\/\/www.asvitae.com\/fr\/telegestion-et-controle\/","name":"T\u00e9l\u00e9gestion et Contr\u00f4le - Asvitae","isPartOf":{"@id":"https:\/\/www.asvitae.com\/fr\/#website"},"datePublished":"2025-07-22T10:43:00+00:00","dateModified":"2026-02-16T12:29:13+00:00","breadcrumb":{"@id":"https:\/\/www.asvitae.com\/fr\/telegestion-et-controle\/#breadcrumb"},"inLanguage":"fr-FR","potentialAction":[{"@type":"ReadAction","target":["https:\/\/www.asvitae.com\/fr\/telegestion-et-controle\/"]}]},{"@type":"BreadcrumbList","@id":"https:\/\/www.asvitae.com\/fr\/telegestion-et-controle\/#breadcrumb","itemListElement":[{"@type":"ListItem","position":1,"name":"Portada","item":"https:\/\/www.asvitae.com\/fr\/home\/"},{"@type":"ListItem","position":2,"name":"T\u00e9l\u00e9gestion et Contr\u00f4le"}]},{"@type":"WebSite","@id":"https:\/\/www.asvitae.com\/fr\/#website","url":"https:\/\/www.asvitae.com\/fr\/","name":"Asvitae","description":"Fabricantes de iluminaci\u00f3n LED","potentialAction":[{"@type":"SearchAction","target":{"@type":"EntryPoint","urlTemplate":"https:\/\/www.asvitae.com\/fr\/?s={search_term_string}"},"query-input":{"@type":"PropertyValueSpecification","valueRequired":true,"valueName":"search_term_string"}}],"inLanguage":"fr-FR"}]}},"_links":{"self":[{"href":"https:\/\/www.asvitae.com\/fr\/wp-json\/wp\/v2\/pages\/4491","targetHints":{"allow":["GET"]}}],"collection":[{"href":"https:\/\/www.asvitae.com\/fr\/wp-json\/wp\/v2\/pages"}],"about":[{"href":"https:\/\/www.asvitae.com\/fr\/wp-json\/wp\/v2\/types\/page"}],"author":[{"embeddable":true,"href":"https:\/\/www.asvitae.com\/fr\/wp-json\/wp\/v2\/users\/1"}],"replies":[{"embeddable":true,"href":"https:\/\/www.asvitae.com\/fr\/wp-json\/wp\/v2\/comments?post=4491"}],"version-history":[{"count":1,"href":"https:\/\/www.asvitae.com\/fr\/wp-json\/wp\/v2\/pages\/4491\/revisions"}],"predecessor-version":[{"id":4492,"href":"https:\/\/www.asvitae.com\/fr\/wp-json\/wp\/v2\/pages\/4491\/revisions\/4492"}],"wp:attachment":[{"href":"https:\/\/www.asvitae.com\/fr\/wp-json\/wp\/v2\/media?parent=4491"}],"curies":[{"name":"wp","href":"https:\/\/api.w.org\/{rel}","templated":true}]}}