{"id":4446,"date":"2025-06-16T15:53:52","date_gmt":"2025-06-16T15:53:52","guid":{"rendered":"https:\/\/www.asvitae.com\/politique-relative-aux-reseaux-sociaux\/"},"modified":"2026-02-16T11:03:01","modified_gmt":"2026-02-16T11:03:01","slug":"politique-relative-aux-reseaux-sociaux","status":"publish","type":"page","link":"https:\/\/www.asvitae.com\/fr\/politique-relative-aux-reseaux-sociaux\/","title":{"rendered":"Politique relative aux r\u00e9seaux sociaux"},"content":{"rendered":"\n[et_pb_section fb_built=\u00a0\u00bb1&Prime; _builder_version=\u00a0\u00bb4.24.2&Prime; _module_preset=\u00a0\u00bbdefault\u00a0\u00bb global_colors_info=\u00a0\u00bb{}\u00a0\u00bb][et_pb_row _builder_version=\u00a0\u00bb4.24.2&Prime; _module_preset=\u00a0\u00bbdefault\u00a0\u00bb global_colors_info=\u00a0\u00bb{}\u00a0\u00bb][et_pb_column type=\u00a0\u00bb4_4&Prime; _builder_version=\u00a0\u00bb4.24.2&Prime; _module_preset=\u00a0\u00bbdefault\u00a0\u00bb global_colors_info=\u00a0\u00bb{}\u00a0\u00bb][et_pb_text _builder_version=\u00a0\u00bb4.27.4&Prime; _module_preset=\u00a0\u00bbdefault\u00a0\u00bb hover_enabled=\u00a0\u00bb0&Prime; global_colors_info=\u00a0\u00bb{}\u00a0\u00bb sticky_enabled=\u00a0\u00bb0&Prime;]<div class=\"et_pb_module et_pb_text et_pb_text_0 et_pb_text_align_left et_pb_bg_layout_light\">\n<div class=\"et_pb_text_inner\">\n<div class=\"et_pb_module et_pb_text et_pb_text_0 et_pb_text_align_left et_pb_bg_layout_light\">\n<div class=\"et_pb_text_inner\">\n<h1>Politique relative aux r\u00e9seaux sociaux<\/h1>\n<p>&nbsp;<\/p>\n<\/div>\n<\/div>\n<div class=\"et_pb_module et_pb_text et_pb_text_1 et_pb_text_align_left et_pb_bg_layout_light\">\n<div class=\"et_pb_text_inner\">\n<p class=\"has-medium-font-size\"><strong>1. Identification du responsable du traitement<\/strong><\/p>\n<figure class=\"wp-block-table\">\n<table>\n<tbody>\n<tr>\n<td>Identit\u00e9<\/td>\n<td>ASVITAE TECNOLOG\u00cdAS, S.L.<\/td>\n<\/tr>\n<tr>\n<td>NIF<\/td>\n<td>B40511172<\/td>\n<\/tr>\n<tr>\n<td>Adresse<\/td>\n<td>C\/ La Paz, 17, CP 46960 Aldaia (Valence), Espagne<\/td>\n<\/tr>\n<tr>\n<td>T\u00e9l\u00e9phone<\/td>\n<td>961815660<\/td>\n<\/tr>\n<tr>\n<td>Email <\/td>\n<td>admin@asvitae.com<\/td>\n<\/tr>\n<tr>\n<td>Activit\u00e9<\/td>\n<td>Fabrication d\u2019\u00e9clairage LED<\/td>\n<\/tr>\n<tr>\n<td>Site web<\/td>\n<td>https:\/\/asvitae.com\/es\/<\/td>\n<\/tr>\n<tr>\n<td>Donn\u00e9es d&rsquo;enregistrement<\/td>\n<td>Registre du Commerce de Valence : Volume 10525, Livre 7806, Folio 175, Section 8, Feuille V-182893<\/td>\n<\/tr>\n<\/tbody>\n<\/table>\n<\/figure>\n<p>&nbsp;<\/p>\n<p class=\"has-medium-font-size\"><strong>2. D\u00e9l\u00e9gu\u00e9 \u00e0 la protection des donn\u00e9es (DPO)<\/strong><\/p>\n<p>BUSINESS ADAPTER, S.L.<br>Ronda Guglielmo Marconi, 11, 26<br>Parc Technologique<br>46980 Paterna (Valence), Espagne<br>Email : info@businessadapter.es (r\u00e9f. asvitae)<br><strong><a href=\"https:\/\/www.businessadapter.es\/contacta-con-el-delegado-de-proteccion-de-datos\" target=\"_blank\" rel=\"noopener\">Formulaire de contact pour personnes concern\u00e9es.<\/a><\/strong> <\/p>\n<p class=\"has-medium-font-size\"><strong>3. Pr\u00e9sence sur les r\u00e9seaux sociaux<\/strong><\/p>\n<p>Conform\u00e9ment aux articles 13 \u00e0 24.2 du RGPD et \u00e0 la Loi 34\/2002 (LSSI-CE), nous informons les utilisateurs que notre entreprise dispose d\u2019un profil sur :<br><strong><a href=\"https:\/\/www.linkedin.com\/company\/asvitae-tecnologias\/\" target=\"_blank\" rel=\"noopener\">\u2022 LinkedIn<\/a><\/strong><br>Objectif principal : promouvoir nos services et interagir avec les utilisateurs.<\/p>\n<p>En rejoignant notre page, vous nous donnez acc\u00e8s aux donn\u00e9es publiques figurant sur votre profil.<\/p>\n<p>Ces donn\u00e9es seront uniquement trait\u00e9es dans le cadre du r\u00e9seau social concern\u00e9 et jamais en dehors de celui-ci sans votre consentement pr\u00e9alable.<\/p>\n<p>Vous pouvez \u00e0 tout moment :<br>Consulter la politique de confidentialit\u00e9 du r\u00e9seau social<br>Param\u00e9trer la confidentialit\u00e9 de votre profil<br>Vous d\u00e9sabonner de notre page <\/p>\n<p class=\"has-medium-font-size\"><strong>4. Publications<\/strong><\/p>\n<p>Apr\u00e8s avoir rejoint notre page, vous pouvez publier des commentaires, images, liens ou contenus multim\u00e9dias.<br><\/p>\n<p>Vous devez \u00eatre titulaire des droits de propri\u00e9t\u00e9 intellectuelle sur les contenus publi\u00e9s.<br>Sont strictement interdits :<br>Les contenus relatifs aux mineurs<br>Les contenus portant atteinte \u00e0 l\u2019honneur, \u00e0 la morale, \u00e0 l\u2019\u00e9thique ou aux droits d\u2019image<br>Les contenus violant les droits de propri\u00e9t\u00e9 intellectuelle<br> <\/p>\n<p>Nous nous r\u00e9servons le droit de supprimer imm\u00e9diatement tout contenu inappropri\u00e9 et de bloquer l\u2019utilisateur concern\u00e9. <\/p>\n<p class=\"has-medium-font-size\"><strong>5. Publicit\u00e9<\/strong><\/p>\n<p>Nous pouvons utiliser le r\u00e9seau social \u00e0 des fins publicitaires, en respectant la r\u00e9glementation applicable.<\/p>\n<p>Recommander notre page \u00e0 d\u2019autres utilisateurs ne sera pas consid\u00e9r\u00e9 comme de la publicit\u00e9.<\/p>\n<p class=\"has-medium-font-size\"><strong>6. Concours et promotions<\/strong><\/p>\n<p>Nous pouvons organiser des concours ou promotions.<br>Les conditions seront publi\u00e9es sur la plateforme concern\u00e9e, dans le respect de la l\u00e9gislation applicable.<br> <\/p>\n<p>Le r\u00e9seau social ne sponsorise ni n\u2019administre ces promotions.<\/p>\n<p class=\"has-medium-font-size\"><strong>7. Traitement des donn\u00e9es<\/strong><\/p>\n<p>Nous pouvons :<br>Acc\u00e9der aux informations publiques du profil<br>R\u00e9pondre aux demandes<br>Envoyer des messages priv\u00e9s<br>Publier des informations sur votre profil<br><\/p>\n<p>Vous pouvez \u00e0 tout moment g\u00e9rer vos param\u00e8tres de confidentialit\u00e9 ou vous d\u00e9sabonner.<br><\/p>\n<p>Politique LinkedIn :<br><a href=\"https:\/\/www.linkedin.com\/legal\/privacy-policy?_l=es_ES\" target=\"_blank\" rel=\"noopener\">https:\/\/www.linkedin.com\/legal\/privacy-policy?_l=es_ES<\/a><\/p>\n<p class=\"has-medium-font-size\"><strong>8. Vos droits<\/strong><\/p>\n<p>Vous disposez des droits d\u2019acc\u00e8s, rectification, suppression, opposition, limitation et portabilit\u00e9.<\/p>\n<p>Pour les exercer :<br><a href=\"mailto:admin@asvitae.com\" target=\"_blank\" rel=\"noopener\">admin@asvitae.com<\/a> <\/p>\n<p>Si vous souhaitez faire des suggestions ou vous renseigner sur le traitement de vos donn\u00e9es personnelles, vous pouvez contacter le d\u00e9l\u00e9gu\u00e9 \u00e0 la protection des donn\u00e9es :<br><strong><a href=\"https:\/\/www.businessadapter.es\/contacta-con-el-delegado-de-proteccion-de-datos\" target=\"_blank\" rel=\"noopener\">Formulaire de service client<\/a><\/strong><\/p>\n<p>En cas de doute sur l\u2019identit\u00e9, des informations compl\u00e9mentaires pourront \u00eatre demand\u00e9es.<br>Vous pouvez \u00e9galement contacter le DPO ou d\u00e9poser une r\u00e9clamation aupr\u00e8s de l\u2019Agence Espagnole de Protection des Donn\u00e9es (AEPD) :<br><a href=\"http:\/\/www.aepd.es\/\" target=\"_blank\" rel=\"noopener\">www.aepd.es<\/a><\/p>\n<p>Pour plus d&rsquo;informations sur le traitement des donn\u00e9es personnelles, veuillez consulter notre <a href=\"https:\/\/www.asvitae.com\/politica-de-privacidad\/\">Politique de confidentialit\u00e9<\/a>.<\/p>\n<p class=\"has-medium-font-size\"><strong>9. Mise \u00e0 jour<\/strong><\/p>\n<p>Notre organisation se r\u00e9serve le droit de modifier cette politique sans pr\u00e9avis. <\/p>\n<p>Mise \u00e0 jour : 16 juin 2025<\/p>\n<\/div>\n<\/div>\n<\/div>\n<\/div>[\/et_pb_text][\/et_pb_column][\/et_pb_row][\/et_pb_section]\n","protected":false},"excerpt":{"rendered":"<p>Politique relative aux r\u00e9seaux sociaux &nbsp; 1. Identification du responsable du traitement Identit\u00e9 ASVITAE TECNOLOG\u00cdAS, S.L. NIF B40511172 Adresse C\/ La Paz, 17, CP 46960 Aldaia (Valence), Espagne T\u00e9l\u00e9phone 961815660 Email admin@asvitae.com Activit\u00e9 Fabrication d\u2019\u00e9clairage LED Site web https:\/\/asvitae.com\/es\/ Donn\u00e9es d&rsquo;enregistrement Registre du Commerce de Valence : Volume 10525, Livre 7806, Folio 175, Section 8, [&hellip;]<\/p>\n","protected":false},"author":1,"featured_media":0,"parent":0,"menu_order":0,"comment_status":"closed","ping_status":"closed","template":"","meta":{"_acf_changed":false,"_et_pb_use_builder":"on","_et_pb_old_content":"","_et_gb_content_width":"","footnotes":""},"class_list":["post-4446","page","type-page","status-publish","hentry"],"acf":[],"yoast_head":"<!-- This site is optimized with the Yoast SEO plugin v27.2 - https:\/\/yoast.com\/product\/yoast-seo-wordpress\/ -->\n<title>Politique relative aux r\u00e9seaux sociaux - Asvitae<\/title>\n<meta name=\"robots\" content=\"noindex, follow\" \/>\n<meta property=\"og:locale\" content=\"fr_FR\" \/>\n<meta property=\"og:type\" content=\"article\" \/>\n<meta property=\"og:title\" content=\"Politique relative aux r\u00e9seaux sociaux - Asvitae\" \/>\n<meta property=\"og:description\" content=\"Politique relative aux r\u00e9seaux sociaux &nbsp; 1. Identification du responsable du traitement Identit\u00e9 ASVITAE TECNOLOG\u00cdAS, S.L. NIF B40511172 Adresse C\/ La Paz, 17, CP 46960 Aldaia (Valence), Espagne T\u00e9l\u00e9phone 961815660 Email admin@asvitae.com Activit\u00e9 Fabrication d\u2019\u00e9clairage LED Site web https:\/\/asvitae.com\/es\/ Donn\u00e9es d&#039;enregistrement Registre du Commerce de Valence : Volume 10525, Livre 7806, Folio 175, Section 8, [&hellip;]\" \/>\n<meta property=\"og:url\" content=\"https:\/\/www.asvitae.com\/fr\/politique-relative-aux-reseaux-sociaux\/\" \/>\n<meta property=\"og:site_name\" content=\"Asvitae\" \/>\n<meta property=\"article:modified_time\" content=\"2026-02-16T11:03:01+00:00\" \/>\n<meta name=\"twitter:card\" content=\"summary_large_image\" \/>\n<meta name=\"twitter:label1\" content=\"Dur\u00e9e de lecture estim\u00e9e\" \/>\n\t<meta name=\"twitter:data1\" content=\"3 minutes\" \/>\n<script type=\"application\/ld+json\" class=\"yoast-schema-graph\">{\"@context\":\"https:\/\/schema.org\",\"@graph\":[{\"@type\":\"WebPage\",\"@id\":\"https:\/\/www.asvitae.com\/fr\/politique-relative-aux-reseaux-sociaux\/\",\"url\":\"https:\/\/www.asvitae.com\/fr\/politique-relative-aux-reseaux-sociaux\/\",\"name\":\"Politique relative aux r\u00e9seaux sociaux - Asvitae\",\"isPartOf\":{\"@id\":\"https:\/\/www.asvitae.com\/fr\/#website\"},\"datePublished\":\"2025-06-16T15:53:52+00:00\",\"dateModified\":\"2026-02-16T11:03:01+00:00\",\"breadcrumb\":{\"@id\":\"https:\/\/www.asvitae.com\/fr\/politique-relative-aux-reseaux-sociaux\/#breadcrumb\"},\"inLanguage\":\"fr-FR\",\"potentialAction\":[{\"@type\":\"ReadAction\",\"target\":[\"https:\/\/www.asvitae.com\/fr\/politique-relative-aux-reseaux-sociaux\/\"]}]},{\"@type\":\"BreadcrumbList\",\"@id\":\"https:\/\/www.asvitae.com\/fr\/politique-relative-aux-reseaux-sociaux\/#breadcrumb\",\"itemListElement\":[{\"@type\":\"ListItem\",\"position\":1,\"name\":\"Portada\",\"item\":\"https:\/\/www.asvitae.com\/fr\/home\/\"},{\"@type\":\"ListItem\",\"position\":2,\"name\":\"Politique relative aux r\u00e9seaux sociaux\"}]},{\"@type\":\"WebSite\",\"@id\":\"https:\/\/www.asvitae.com\/fr\/#website\",\"url\":\"https:\/\/www.asvitae.com\/fr\/\",\"name\":\"Asvitae\",\"description\":\"Fabricantes de iluminaci\u00f3n LED\",\"potentialAction\":[{\"@type\":\"SearchAction\",\"target\":{\"@type\":\"EntryPoint\",\"urlTemplate\":\"https:\/\/www.asvitae.com\/fr\/?s={search_term_string}\"},\"query-input\":{\"@type\":\"PropertyValueSpecification\",\"valueRequired\":true,\"valueName\":\"search_term_string\"}}],\"inLanguage\":\"fr-FR\"}]}<\/script>\n<!-- \/ Yoast SEO plugin. -->","yoast_head_json":{"title":"Politique relative aux r\u00e9seaux sociaux - Asvitae","robots":{"index":"noindex","follow":"follow"},"og_locale":"fr_FR","og_type":"article","og_title":"Politique relative aux r\u00e9seaux sociaux - Asvitae","og_description":"Politique relative aux r\u00e9seaux sociaux &nbsp; 1. Identification du responsable du traitement Identit\u00e9 ASVITAE TECNOLOG\u00cdAS, S.L. NIF B40511172 Adresse C\/ La Paz, 17, CP 46960 Aldaia (Valence), Espagne T\u00e9l\u00e9phone 961815660 Email admin@asvitae.com Activit\u00e9 Fabrication d\u2019\u00e9clairage LED Site web https:\/\/asvitae.com\/es\/ Donn\u00e9es d'enregistrement Registre du Commerce de Valence : Volume 10525, Livre 7806, Folio 175, Section 8, [&hellip;]","og_url":"https:\/\/www.asvitae.com\/fr\/politique-relative-aux-reseaux-sociaux\/","og_site_name":"Asvitae","article_modified_time":"2026-02-16T11:03:01+00:00","twitter_card":"summary_large_image","twitter_misc":{"Dur\u00e9e de lecture estim\u00e9e":"3 minutes"},"schema":{"@context":"https:\/\/schema.org","@graph":[{"@type":"WebPage","@id":"https:\/\/www.asvitae.com\/fr\/politique-relative-aux-reseaux-sociaux\/","url":"https:\/\/www.asvitae.com\/fr\/politique-relative-aux-reseaux-sociaux\/","name":"Politique relative aux r\u00e9seaux sociaux - Asvitae","isPartOf":{"@id":"https:\/\/www.asvitae.com\/fr\/#website"},"datePublished":"2025-06-16T15:53:52+00:00","dateModified":"2026-02-16T11:03:01+00:00","breadcrumb":{"@id":"https:\/\/www.asvitae.com\/fr\/politique-relative-aux-reseaux-sociaux\/#breadcrumb"},"inLanguage":"fr-FR","potentialAction":[{"@type":"ReadAction","target":["https:\/\/www.asvitae.com\/fr\/politique-relative-aux-reseaux-sociaux\/"]}]},{"@type":"BreadcrumbList","@id":"https:\/\/www.asvitae.com\/fr\/politique-relative-aux-reseaux-sociaux\/#breadcrumb","itemListElement":[{"@type":"ListItem","position":1,"name":"Portada","item":"https:\/\/www.asvitae.com\/fr\/home\/"},{"@type":"ListItem","position":2,"name":"Politique relative aux r\u00e9seaux sociaux"}]},{"@type":"WebSite","@id":"https:\/\/www.asvitae.com\/fr\/#website","url":"https:\/\/www.asvitae.com\/fr\/","name":"Asvitae","description":"Fabricantes de iluminaci\u00f3n LED","potentialAction":[{"@type":"SearchAction","target":{"@type":"EntryPoint","urlTemplate":"https:\/\/www.asvitae.com\/fr\/?s={search_term_string}"},"query-input":{"@type":"PropertyValueSpecification","valueRequired":true,"valueName":"search_term_string"}}],"inLanguage":"fr-FR"}]}},"_links":{"self":[{"href":"https:\/\/www.asvitae.com\/fr\/wp-json\/wp\/v2\/pages\/4446","targetHints":{"allow":["GET"]}}],"collection":[{"href":"https:\/\/www.asvitae.com\/fr\/wp-json\/wp\/v2\/pages"}],"about":[{"href":"https:\/\/www.asvitae.com\/fr\/wp-json\/wp\/v2\/types\/page"}],"author":[{"embeddable":true,"href":"https:\/\/www.asvitae.com\/fr\/wp-json\/wp\/v2\/users\/1"}],"replies":[{"embeddable":true,"href":"https:\/\/www.asvitae.com\/fr\/wp-json\/wp\/v2\/comments?post=4446"}],"version-history":[{"count":1,"href":"https:\/\/www.asvitae.com\/fr\/wp-json\/wp\/v2\/pages\/4446\/revisions"}],"predecessor-version":[{"id":4447,"href":"https:\/\/www.asvitae.com\/fr\/wp-json\/wp\/v2\/pages\/4446\/revisions\/4447"}],"wp:attachment":[{"href":"https:\/\/www.asvitae.com\/fr\/wp-json\/wp\/v2\/media?parent=4446"}],"curies":[{"name":"wp","href":"https:\/\/api.w.org\/{rel}","templated":true}]}}